{"id":56,"date":"2023-07-04T17:49:09","date_gmt":"2023-07-04T15:49:09","guid":{"rendered":"http:\/\/retourenoceanie.fr\/?page_id=56"},"modified":"2023-07-09T18:07:23","modified_gmt":"2023-07-09T16:07:23","slug":"canberra","status":"publish","type":"page","link":"https:\/\/retourenoceanie.fr\/index.php\/canberra\/","title":{"rendered":"Canberra"},"content":{"rendered":"<div class=\"wp-block-image\">\n<figure class=\"aligncenter size-large\"><img loading=\"lazy\" decoding=\"async\" width=\"1024\" height=\"599\" src=\"http:\/\/retourenoceanie.fr\/wp-content\/uploads\/2023\/07\/Ou-se-trouve-Canberra-1024x599.jpg\" alt=\"\" class=\"wp-image-83\" srcset=\"https:\/\/retourenoceanie.fr\/wp-content\/uploads\/2023\/07\/Ou-se-trouve-Canberra-1024x599.jpg 1024w, https:\/\/retourenoceanie.fr\/wp-content\/uploads\/2023\/07\/Ou-se-trouve-Canberra-300x175.jpg 300w, https:\/\/retourenoceanie.fr\/wp-content\/uploads\/2023\/07\/Ou-se-trouve-Canberra-768x449.jpg 768w, https:\/\/retourenoceanie.fr\/wp-content\/uploads\/2023\/07\/Ou-se-trouve-Canberra.jpg 1083w\" sizes=\"auto, (max-width: 767px) 89vw, (max-width: 1000px) 54vw, (max-width: 1071px) 543px, 580px\" \/><\/figure>\n<\/div>\n\n\n<p>Canberra est la capitale de l&rsquo;Australie et du Territoire de la capitale australienne. La ville est situ\u00e9e \u00e0 l&rsquo;extr\u00e9mit\u00e9 nord du territoire de la capitale, \u00e0 280 kilom\u00e8tres au sud-ouest de Sydney et \u00e0 680 km au nord-est de Melbourne.<\/p>\n\n\n<div class=\"wp-block-image\">\n<figure class=\"aligncenter size-full\"><img loading=\"lazy\" decoding=\"async\" width=\"250\" height=\"194\" src=\"http:\/\/retourenoceanie.fr\/wp-content\/uploads\/2023\/07\/OZ-Map-sydney-melb-1.jpg\" alt=\"\" class=\"wp-image-80\"\/><\/figure>\n<\/div>\n\n\n<p>Le site de Canberra a \u00e9t\u00e9 choisi comme capitale australienne en 1908 ; ce choix fut un compromis entre les deux villes rivales de Sydney et Melbourne, les deux plus grandes villes d&rsquo;Australie. Le terme de canberra d\u00e9signe un \u00ab lieu de rassemblement \u00bb en ngunnawal, la langue aborig\u00e8ne locale.<\/p>\n\n\n<div class=\"wp-block-image\">\n<figure class=\"aligncenter size-full\"><img loading=\"lazy\" decoding=\"async\" width=\"600\" height=\"350\" src=\"http:\/\/retourenoceanie.fr\/wp-content\/uploads\/2023\/07\/image.png\" alt=\"\" class=\"wp-image-82\" srcset=\"https:\/\/retourenoceanie.fr\/wp-content\/uploads\/2023\/07\/image.png 600w, https:\/\/retourenoceanie.fr\/wp-content\/uploads\/2023\/07\/image-300x175.png 300w\" sizes=\"auto, (max-width: 600px) 100vw, 600px\" \/><\/figure>\n<\/div>\n\n\n<p>Canberra offre une particularit\u00e9 pour une ville australienne : ses plans ont \u00e9t\u00e9 r\u00e9alis\u00e9s avant de commencer la moindre construction. Ce n&rsquo;est qu&rsquo;apr\u00e8s un concours international remport\u00e9 par le couple d&rsquo;architectes am\u00e9ricains Walter Burley Griffin et Marion Mahony Griffin que commen\u00e7a le d\u00e9veloppement de la capitale en 1913. La conception de la ville fut fortement influenc\u00e9e par l&rsquo;id\u00e9e de ville verte ; ainsi Canberra dispose de vastes zones de v\u00e9g\u00e9tation naturelle qui lui ont valu le nom de \u00ab capitale du bush \u00bb. Bien que la croissance de la ville ait \u00e9t\u00e9 fortement ralentie par les deux guerres mondiales et la Grande D\u00e9pression, Canberra est devenue une ville florissante apr\u00e8s la Seconde Guerre mondiale lorsque le Premier ministre Robert Menzies encouragea son d\u00e9veloppement et cr\u00e9a la National Capital Development Commission (Commission pour le d\u00e9veloppement de la capitale nationale) en lui donnant des pouvoirs ex\u00e9cutifs. Cette commission sera supprim\u00e9e en 1988 et remplac\u00e9e par la National Capital Authority (l&rsquo;Autorit\u00e9 de la capitale nationale) qui permet \u00e0 l&rsquo;\u00c9tat de garder une certaine influence sur le territoire m\u00eame s&rsquo;il est devenu maintenant autonome.<\/p>\n\n\n<div class=\"wp-block-image\">\n<figure class=\"aligncenter size-full\"><img loading=\"lazy\" decoding=\"async\" width=\"274\" height=\"184\" src=\"http:\/\/retourenoceanie.fr\/wp-content\/uploads\/2023\/07\/Sans-titre-1.jpeg\" alt=\"\" class=\"wp-image-85\"\/><\/figure>\n<\/div>\n\n\n<p>Si\u00e8ge du gouvernement australien, Canberra abrite aussi le Parlement et la Haute Cour ainsi que de nombreux minist\u00e8res et directions nationales mais c&rsquo;est \u00e9galement le si\u00e8ge de nombreuses institutions sociales et culturelles comme la Galerie nationale, le National Museum, le M\u00e9morial de la guerre, l&rsquo;Universit\u00e9 nationale australienne, l&rsquo;Institut des Sports et la Biblioth\u00e8que nationale. Les officiers de l&rsquo;arm\u00e9e australienne sont form\u00e9s au Coll\u00e8ge militaire royal de Duntroon et l&rsquo;Acad\u00e9mie militaire est \u00e9galement situ\u00e9e dans la capitale.<\/p>\n\n\n\n<p>La ville regroupe plus 380 000 habitants. Comme elle a une forte proportion de fonctionnaires, le gouvernement f\u00e9d\u00e9ral est le plus gros employeur de Canberra. <\/p>\n","protected":false},"excerpt":{"rendered":"<p>Canberra est la capitale de l&rsquo;Australie et du Territoire de la capitale australienne. La ville est situ\u00e9e \u00e0 l&rsquo;extr\u00e9mit\u00e9 nord du territoire de la capitale, \u00e0 280 kilom\u00e8tres au sud-ouest de Sydney et \u00e0 680 km au nord-est de Melbourne. Le site de Canberra a \u00e9t\u00e9 choisi comme capitale australienne en 1908 ; ce choix &hellip; <\/p>\n<p class=\"link-more\"><a href=\"https:\/\/retourenoceanie.fr\/index.php\/canberra\/\" class=\"more-link\">Continuer la lecture<span class=\"screen-reader-text\"> de &laquo;&nbsp;Canberra&nbsp;&raquo;<\/span><\/a><\/p>\n","protected":false},"author":1,"featured_media":0,"parent":0,"menu_order":0,"comment_status":"closed","ping_status":"closed","template":"","meta":{"footnotes":""},"class_list":["post-56","page","type-page","status-publish","hentry"],"_links":{"self":[{"href":"https:\/\/retourenoceanie.fr\/index.php\/wp-json\/wp\/v2\/pages\/56","targetHints":{"allow":["GET"]}}],"collection":[{"href":"https:\/\/retourenoceanie.fr\/index.php\/wp-json\/wp\/v2\/pages"}],"about":[{"href":"https:\/\/retourenoceanie.fr\/index.php\/wp-json\/wp\/v2\/types\/page"}],"author":[{"embeddable":true,"href":"https:\/\/retourenoceanie.fr\/index.php\/wp-json\/wp\/v2\/users\/1"}],"replies":[{"embeddable":true,"href":"https:\/\/retourenoceanie.fr\/index.php\/wp-json\/wp\/v2\/comments?post=56"}],"version-history":[{"count":5,"href":"https:\/\/retourenoceanie.fr\/index.php\/wp-json\/wp\/v2\/pages\/56\/revisions"}],"predecessor-version":[{"id":86,"href":"https:\/\/retourenoceanie.fr\/index.php\/wp-json\/wp\/v2\/pages\/56\/revisions\/86"}],"wp:attachment":[{"href":"https:\/\/retourenoceanie.fr\/index.php\/wp-json\/wp\/v2\/media?parent=56"}],"curies":[{"name":"wp","href":"https:\/\/api.w.org\/{rel}","templated":true}]}}