{"id":52,"date":"2023-07-04T17:47:02","date_gmt":"2023-07-04T15:47:02","guid":{"rendered":"http:\/\/retourenoceanie.fr\/?page_id=52"},"modified":"2023-07-04T17:47:02","modified_gmt":"2023-07-04T15:47:02","slug":"les-australiens","status":"publish","type":"page","link":"https:\/\/retourenoceanie.fr\/index.php\/les-australiens\/","title":{"rendered":"Les Australiens"},"content":{"rendered":"\n<p><\/p>\n\n\n\n<figure class=\"wp-block-image size-full\"><img loading=\"lazy\" decoding=\"async\" width=\"810\" height=\"589\" src=\"http:\/\/retourenoceanie.fr\/wp-content\/uploads\/2023\/07\/facesofaustralia.jpg\" alt=\"\" class=\"wp-image-53\" srcset=\"https:\/\/retourenoceanie.fr\/wp-content\/uploads\/2023\/07\/facesofaustralia.jpg 810w, https:\/\/retourenoceanie.fr\/wp-content\/uploads\/2023\/07\/facesofaustralia-300x218.jpg 300w, https:\/\/retourenoceanie.fr\/wp-content\/uploads\/2023\/07\/facesofaustralia-768x558.jpg 768w\" sizes=\"auto, (max-width: 767px) 89vw, (max-width: 1000px) 54vw, (max-width: 1071px) 543px, 580px\" \/><\/figure>\n\n\n\n<p><\/p>\n\n\n\n<p>Peupl\u00e9e depuis des mill\u00e9naires par les Aborig\u00e8nes, l\u2019Australie a connu plus r\u00e9cemment de nombreuses vagues d\u2019immigration. Aujourd\u2019hui, le territoire est riche d\u2019une communaut\u00e9 multiethnique et multiculturelle rassemblant pr\u00e8s de 24,5 millions de personnes. Mais qui sont alors ces divers australiens ?<\/p>\n\n\n\n<h2 class=\"wp-block-heading\">\u00c0 l\u2019origine, les Aborig\u00e8nes<\/h2>\n\n\n\n<p>Premiers hommes \u00e0 avoir foul\u00e9 le sol australien, les Aborig\u00e8nes sont arriv\u00e9s il y a pr\u00e8s de 50 000 ans depuis la Nouvelle-Guin\u00e9e et l\u2019Indon\u00e9sie. Vivant de chasse et de cueillette, ces autochtones se sont dispers\u00e9s en petits groupes nomades \u00e0 caract\u00e8re familial ou tribal dans la plupart des r\u00e9gions de l\u2019Australie. Au fil du temps, ils ont d\u00e9velopp\u00e9 en autarcie une culture riche en <a href=\"https:\/\/www.australia-australie.com\/articles\/la-peinture-aborigene-entre-mythes-et-couleurs\/\" target=\"_blank\" rel=\"noreferrer noopener\">arts<\/a> et en traditions, faisant encore aujourd\u2019hui partie du patrimoine australien.<\/p>\n\n\n\n<p>Il y a un peu plus de deux si\u00e8cles, l\u2019arriv\u00e9e des premiers colons europ\u00e9ens a marqu\u00e9 et profond\u00e9ment chang\u00e9 ce continent perdu du Pacifique. \u00c0 cette \u00e9poque, l\u2019Australie comptait entre 700 000 et un million d\u2019Aborig\u00e8nes r\u00e9partis en plusieurs centaines de tribus parlant autant de langues et de dialectes.<\/p>\n\n\n\n<figure class=\"wp-block-image\"><a href=\"https:\/\/www.australia-australie.com\/wp-content\/uploads\/2017\/03\/Aborigenes.jpg\"><img decoding=\"async\" src=\"https:\/\/www.australia-australie.com\/wp-content\/uploads\/2017\/03\/Aborigenes.jpg\" alt=\"australiens\" class=\"wp-image-503457\"\/><\/a><\/figure>\n\n\n\n<p>D\u00e8s la colonisation, ce peuple a \u00e9t\u00e9 d\u00e9cim\u00e9 par les guerres et les maladies, puis parqu\u00e9 dans des r\u00e9serves sur les terres les plus pauvres, tout en \u00e9tant priv\u00e9 du droit de vivre sur ses terres ancestrales. Force est de constater qu\u2019en 1920, le territoire australien ne comptait plus que 60 000 aborig\u00e8nes, soit une baisse de plus de 90 % de la population d\u2019origine.<\/p>\n\n\n\n<p>Aujourd\u2019hui, le d\u00e9clin num\u00e9rique des Aborig\u00e8nes semble enray\u00e9 m\u00eame s\u2019ils ne repr\u00e9sentent qu\u2019un peu moins de 700 000 personnes soit pr\u00e8s de 3 % de la population australienne.<\/p>\n\n\n\n<h2 class=\"wp-block-heading\">Les colons europ\u00e9ens devenus australiens<\/h2>\n\n\n\n<p>Le reste de la population australienne est fortement marqu\u00e9 par ses origines europ\u00e9ennes. Il faut remonter au XVIIe si\u00e8cle, lorsque <a href=\"https:\/\/www.australia-australie.com\/articles\/petite-histoire-de-laustralie\/\" target=\"_blank\" rel=\"noreferrer noopener\">l\u2019exploration de l\u2019Australie<\/a> a d\u00e9but\u00e9 avec le navigateur James Cook. Le Britannique a abord\u00e9 sur la c\u00f4te Est et en a pris possession au nom du roi d\u2019Angleterre, sous le nom de Nouvelle-Galles du Sud en 1770.<\/p>\n\n\n\n<p>Un camp p\u00e9nitentiaire a \u00e9t\u00e9 fond\u00e9 \u00e0 Sydney en 1788. Puis, en l\u2019espace d\u2019un demi-si\u00e8cle, de vastes r\u00e9gions sont devenues des colonies de la Couronne : <a href=\"https:\/\/www.australia-australie.com\/articles\/itineraires-choisis-tour-de-tasmanie\/\" target=\"_blank\" rel=\"noreferrer noopener\">la Tasmanie<\/a> en 1803, l\u2019Australie-Occidentale en 1830, le Victoria en 1835 et l\u2019Australie-M\u00e9ridionale en 1836.<\/p>\n\n\n\n<p>Au cours des ann\u00e9es 1850, l\u2019immigration a pris un nouvel essor suite \u00e0 la ru\u00e9e vers l\u2019or. Le manque de main-d\u2019\u0153uvre, l\u2019\u00e9tendue du bush et les nouvelles richesses bas\u00e9es sur l\u2019agriculture, l\u2019exploitation mini\u00e8re et le commerce ont contribu\u00e9 au d\u00e9veloppement d\u2019institutions provoquant un accroissement important de la population et une occupation des terres de l\u2019int\u00e9rieur.<\/p>\n\n\n\n<figure class=\"wp-block-image\"><a href=\"https:\/\/www.australia-australie.com\/wp-content\/uploads\/2017\/03\/Gold-Rush.jpg\"><img decoding=\"async\" src=\"https:\/\/www.australia-australie.com\/wp-content\/uploads\/2017\/03\/Gold-Rush.jpg\" alt=\"Gold Rush Australie\" class=\"wp-image-503471\"\/><\/a><\/figure>\n\n\n\n<p>Apr\u00e8s les revendications des colons libres demandant la fermeture des \u00e9tablissements p\u00e9nitentiaires, les colonies d\u2019australiens sont devenues des d\u00e9mocraties parlementaires autonomes. Puis, en 1901, elles se sont f\u00e9d\u00e9r\u00e9es afin de former le Commonwealth d\u2019Australie. Le pays est alors devenu un territoire souverain membre du Commonwealth britannique.<\/p>\n\n\n\n<h2 class=\"wp-block-heading\">L\u2019Australie Blanche<\/h2>\n\n\n\n<p>L\u2018Australie a maintenu jusqu\u2019aux ann\u00e9es 1980 une politique d\u2019immigration tr\u00e8s s\u00e9lective en termes d\u2019origine ethnique, privil\u00e9giant notamment l\u2019immigration europ\u00e9enne blanche au d\u00e9triment de celles issues des autres continents, en particulier d\u2019Asie de l\u2019Est.<\/p>\n\n\n\n<p>La structure de la population a par ailleurs \u00e9t\u00e9 profond\u00e9ment boulevers\u00e9e depuis 1945. En effet, jusqu\u2019\u00e0 la Seconde Guerre mondiale, 95 % des australiens \u00e9taient d\u2019origine britannique ou irlandaise.<\/p>\n\n\n\n<p>Depuis la fin des ann\u00e9es 1940, plus de 7 millions d\u2019immigrants en provenance de plusieurs centaines de pays se sont \u00e9tablis en Australie. L\u2019immigration britannique a ainsi \u00e9t\u00e9 remplac\u00e9e par celle des Europ\u00e9ens venus surtout d\u2019Italie, de Croatie, de Gr\u00e8ce, et de l\u2019\u00eele de Malte.<\/p>\n\n\n\n<p>Au cours des ann\u00e9es 1960, la politique dite \u00ab&nbsp;de l\u2019Australie blanche&nbsp;\u00bb a commenc\u00e9 \u00e0 s\u2019assouplir, avant d\u2019\u00eatre officiellement enterr\u00e9e en 1973. La plupart des immigrants non europ\u00e9ens sont dans un premier temps arriv\u00e9s d\u2019Am\u00e9rique latine et du Proche-Orient, en particulier du Liban.<\/p>\n\n\n\n<figure class=\"wp-block-image\"><a href=\"https:\/\/www.australia-australie.com\/wp-content\/uploads\/2017\/03\/australian-student.jpg\"><img decoding=\"async\" src=\"https:\/\/www.australia-australie.com\/wp-content\/uploads\/2017\/03\/australian-student.jpg\" alt=\"Etudiante australienne\" class=\"wp-image-503629\"\/><\/a><\/figure>\n\n\n\n<p>Cependant, depuis la fin des ann\u00e9es 1970, de nouveaux immigrants sont venus cette fois-ci d\u2019Asie, notamment de la Chine et du Vietnam. Dans les ann\u00e9es 1980, ils repr\u00e9sentaient pr\u00e8s de 20 % de la population totale des australiens.<\/p>\n\n\n\n<h2 class=\"wp-block-heading\">Vers la multi-ethnicit\u00e9<\/h2>\n\n\n\n<p>L\u2019immigration a ainsi contribu\u00e9 \u00e0 la transformation de l\u2019Australie. Le pays compte pr\u00e8s d\u2019une centaine de communaut\u00e9s culturelles distinctes r\u00e9parties entre 4 000 organisations ethniques, c\u2019est d\u2019ailleurs l\u2019une des soci\u00e9t\u00e9s les plus cosmopolites et dynamiques au monde.<\/p>\n\n\n\n<figure class=\"wp-block-image\"><a href=\"https:\/\/www.australia-australie.com\/wp-content\/uploads\/2017\/03\/Multiethnique.jpg\"><img decoding=\"async\" src=\"https:\/\/www.australia-australie.com\/wp-content\/uploads\/2017\/03\/Multiethnique.jpg\" alt=\"australiens\" class=\"wp-image-503503\"\/><\/a><\/figure>\n\n\n\n<p>Selon le dernier recensement, 2,5 % des Australiens n\u00e9s \u00e0 l\u2019\u00e9tranger sont n\u00e9s en Grande-Bretagne et en Irlande, 30 % viennent d\u2019autres pays europ\u00e9ens et 21 % proviennent d\u2019Asie et du Proche-Orient.<\/p>\n","protected":false},"excerpt":{"rendered":"<p>Peupl\u00e9e depuis des mill\u00e9naires par les Aborig\u00e8nes, l\u2019Australie a connu plus r\u00e9cemment de nombreuses vagues d\u2019immigration. Aujourd\u2019hui, le territoire est riche d\u2019une communaut\u00e9 multiethnique et multiculturelle rassemblant pr\u00e8s de 24,5 millions de personnes. Mais qui sont alors ces divers australiens ? \u00c0 l\u2019origine, les Aborig\u00e8nes Premiers hommes \u00e0 avoir foul\u00e9 le sol australien, les Aborig\u00e8nes &hellip; <\/p>\n<p class=\"link-more\"><a href=\"https:\/\/retourenoceanie.fr\/index.php\/les-australiens\/\" class=\"more-link\">Continuer la lecture<span class=\"screen-reader-text\"> de &laquo;&nbsp;Les Australiens&nbsp;&raquo;<\/span><\/a><\/p>\n","protected":false},"author":1,"featured_media":0,"parent":0,"menu_order":0,"comment_status":"closed","ping_status":"closed","template":"","meta":{"footnotes":""},"class_list":["post-52","page","type-page","status-publish","hentry"],"_links":{"self":[{"href":"https:\/\/retourenoceanie.fr\/index.php\/wp-json\/wp\/v2\/pages\/52","targetHints":{"allow":["GET"]}}],"collection":[{"href":"https:\/\/retourenoceanie.fr\/index.php\/wp-json\/wp\/v2\/pages"}],"about":[{"href":"https:\/\/retourenoceanie.fr\/index.php\/wp-json\/wp\/v2\/types\/page"}],"author":[{"embeddable":true,"href":"https:\/\/retourenoceanie.fr\/index.php\/wp-json\/wp\/v2\/users\/1"}],"replies":[{"embeddable":true,"href":"https:\/\/retourenoceanie.fr\/index.php\/wp-json\/wp\/v2\/comments?post=52"}],"version-history":[{"count":1,"href":"https:\/\/retourenoceanie.fr\/index.php\/wp-json\/wp\/v2\/pages\/52\/revisions"}],"predecessor-version":[{"id":55,"href":"https:\/\/retourenoceanie.fr\/index.php\/wp-json\/wp\/v2\/pages\/52\/revisions\/55"}],"wp:attachment":[{"href":"https:\/\/retourenoceanie.fr\/index.php\/wp-json\/wp\/v2\/media?parent=52"}],"curies":[{"name":"wp","href":"https:\/\/api.w.org\/{rel}","templated":true}]}}