{"id":46,"date":"2023-07-04T17:43:07","date_gmt":"2023-07-04T15:43:07","guid":{"rendered":"http:\/\/retourenoceanie.fr\/?page_id=46"},"modified":"2023-07-26T12:28:55","modified_gmt":"2023-07-26T10:28:55","slug":"l-australie","status":"publish","type":"page","link":"https:\/\/retourenoceanie.fr\/index.php\/l-australie\/","title":{"rendered":"L &lsquo; Australie"},"content":{"rendered":"\n<p>14 fois plus grand que la France, plus vaste que l\u2019Europe, pays continent qui fait partie des pays les moins dens\u00e9ment peupl\u00e9s au monde! 3 habitants au km carr\u00e9 contre 106 pour la France!<\/p>\n\n\n\n<figure class=\"wp-block-image size-full is-resized\"><img loading=\"lazy\" decoding=\"async\" src=\"http:\/\/retourenoceanie.fr\/wp-content\/uploads\/2023\/07\/303622DF-382D-45A4-84E6-5E11B99D5A6C.jpeg\" alt=\"\" class=\"wp-image-65\" width=\"319\" height=\"220\" srcset=\"https:\/\/retourenoceanie.fr\/wp-content\/uploads\/2023\/07\/303622DF-382D-45A4-84E6-5E11B99D5A6C.jpeg 800w, https:\/\/retourenoceanie.fr\/wp-content\/uploads\/2023\/07\/303622DF-382D-45A4-84E6-5E11B99D5A6C-300x207.jpeg 300w, https:\/\/retourenoceanie.fr\/wp-content\/uploads\/2023\/07\/303622DF-382D-45A4-84E6-5E11B99D5A6C-768x530.jpeg 768w\" sizes=\"auto, (max-width: 319px) 100vw, 319px\" \/><\/figure>\n\n\n\n<p>Voici une de ses sp\u00e9cificit\u00e9s.<\/p>\n\n\n\n<p>L&rsquo;\u00eele continent est divis\u00e9e en huit \u00e9tats,<\/p>\n\n\n<div class=\"wp-block-image\">\n<figure class=\"aligncenter size-full is-resized\"><img loading=\"lazy\" decoding=\"async\" src=\"http:\/\/retourenoceanie.fr\/wp-content\/uploads\/2023\/07\/Sans-titre.jpeg\" alt=\"\" class=\"wp-image-47\" width=\"267\" height=\"191\"\/><\/figure>\n<\/div>\n\n\n<p>Du fait de sa grandeur, elle b\u00e9n\u00e9ficie de climats tr\u00e8s diverses, allant d&rsquo;un climat temp\u00e9r\u00e9 \u00e0 un climat tropical.<\/p>\n\n\n<div class=\"wp-block-image\">\n<figure class=\"aligncenter size-full is-resized\"><img loading=\"lazy\" decoding=\"async\" src=\"http:\/\/retourenoceanie.fr\/wp-content\/uploads\/2023\/07\/8EB4E115-E70A-47CE-A301-61FAA7571C3F.png\" alt=\"\" class=\"wp-image-66\" width=\"312\" height=\"282\" srcset=\"https:\/\/retourenoceanie.fr\/wp-content\/uploads\/2023\/07\/8EB4E115-E70A-47CE-A301-61FAA7571C3F.png 640w, https:\/\/retourenoceanie.fr\/wp-content\/uploads\/2023\/07\/8EB4E115-E70A-47CE-A301-61FAA7571C3F-300x271.png 300w\" sizes=\"auto, (max-width: 312px) 100vw, 312px\" \/><\/figure>\n<\/div>\n\n\n<p>L&rsquo;Australie est un pays riche, richesse qu\u2019elle doit beaucoup \u00e0 son sol, en effet on y retrouve presque tous les minerais. Pour en savoir plus:<\/p>\n\n\n\n<figure class=\"wp-block-embed is-type-rich is-provider-prise-en-charge-des-contenus-embarques wp-block-embed-prise-en-charge-des-contenus-embarques wp-embed-aspect-16-9 wp-has-aspect-ratio\"><div class=\"wp-block-embed__wrapper\">\n<iframe loading=\"lazy\" title=\"Le dessous des cartes - Australie : Populations et migrations - 1\/2 - 7 septembre 2013\" width=\"525\" height=\"295\" src=\"https:\/\/www.youtube.com\/embed\/7XSBLMNSKio?feature=oembed\" frameborder=\"0\" allow=\"accelerometer; autoplay; clipboard-write; encrypted-media; gyroscope; picture-in-picture; web-share\" referrerpolicy=\"strict-origin-when-cross-origin\" allowfullscreen><\/iframe>\n<\/div><\/figure>\n","protected":false},"excerpt":{"rendered":"<p>14 fois plus grand que la France, plus vaste que l\u2019Europe, pays continent qui fait partie des pays les moins dens\u00e9ment peupl\u00e9s au monde! 3 habitants au km carr\u00e9 contre 106 pour la France! Voici une de ses sp\u00e9cificit\u00e9s. L&rsquo;\u00eele continent est divis\u00e9e en huit \u00e9tats, Du fait de sa grandeur, elle b\u00e9n\u00e9ficie de climats &hellip; <\/p>\n<p class=\"link-more\"><a href=\"https:\/\/retourenoceanie.fr\/index.php\/l-australie\/\" class=\"more-link\">Continuer la lecture<span class=\"screen-reader-text\"> de &laquo;&nbsp;L &lsquo; Australie&nbsp;&raquo;<\/span><\/a><\/p>\n","protected":false},"author":1,"featured_media":0,"parent":0,"menu_order":0,"comment_status":"closed","ping_status":"closed","template":"","meta":{"footnotes":""},"class_list":["post-46","page","type-page","status-publish","hentry"],"_links":{"self":[{"href":"https:\/\/retourenoceanie.fr\/index.php\/wp-json\/wp\/v2\/pages\/46","targetHints":{"allow":["GET"]}}],"collection":[{"href":"https:\/\/retourenoceanie.fr\/index.php\/wp-json\/wp\/v2\/pages"}],"about":[{"href":"https:\/\/retourenoceanie.fr\/index.php\/wp-json\/wp\/v2\/types\/page"}],"author":[{"embeddable":true,"href":"https:\/\/retourenoceanie.fr\/index.php\/wp-json\/wp\/v2\/users\/1"}],"replies":[{"embeddable":true,"href":"https:\/\/retourenoceanie.fr\/index.php\/wp-json\/wp\/v2\/comments?post=46"}],"version-history":[{"count":18,"href":"https:\/\/retourenoceanie.fr\/index.php\/wp-json\/wp\/v2\/pages\/46\/revisions"}],"predecessor-version":[{"id":162,"href":"https:\/\/retourenoceanie.fr\/index.php\/wp-json\/wp\/v2\/pages\/46\/revisions\/162"}],"wp:attachment":[{"href":"https:\/\/retourenoceanie.fr\/index.php\/wp-json\/wp\/v2\/media?parent=46"}],"curies":[{"name":"wp","href":"https:\/\/api.w.org\/{rel}","templated":true}]}}